{"id":3,"date":"2024-06-28T10:14:59","date_gmt":"2024-06-28T08:14:59","guid":{"rendered":"https:\/\/www.usccastelbolognese.it\/?page_id=3"},"modified":"2024-07-24T09:53:26","modified_gmt":"2024-07-24T07:53:26","slug":"privacy-policy","status":"publish","type":"page","link":"https:\/\/www.usccastelbolognese.it\/?page_id=3","title":{"rendered":"Cookie Policy"},"content":{"rendered":"\t\t<div data-elementor-type=\"wp-page\" data-elementor-id=\"3\" class=\"elementor elementor-3\">\n\t\t\t\t<div class=\"elementor-element elementor-element-508cd25c e-flex e-con-boxed wpr-particle-no wpr-jarallax-no wpr-parallax-no wpr-sticky-section-no wpr-equal-height-no e-con e-parent\" data-id=\"508cd25c\" data-element_type=\"container\" data-e-type=\"container\">\n\t\t\t\t\t<div class=\"e-con-inner\">\n\t\t\t\t<div class=\"elementor-element elementor-element-ef965dd elementor-widget elementor-widget-text-editor\" data-id=\"ef965dd\" data-element_type=\"widget\" data-e-type=\"widget\" data-widget_type=\"text-editor.default\">\n\t\t\t\t<div class=\"elementor-widget-container\">\n\t\t\t\t\t\t\t\t\t<p><\/p>\n<h4 class=\"MsoNormal wp-block-heading\" style=\"text-align: justify;\">tile Utente, il presente documento descrive le tipologie, le finalit\u00e0 ed i tempi di persistenza dei cookie utilizzati e operanti sul Sito web usccastelbolognese.it (di seguito \u201cSito Web\u201d), oltre a consentire la selezione delle preferenze in merito al loro utilizzo.\u00a0<\/h4>\n<h4 class=\"MsoNormal\" style=\"text-align: justify;\">Definizione, caratteristiche e applicazione normativa<\/h4>\n<h4 class=\"MsoNormal\" style=\"text-align: justify;\">I cookie sono piccoli file di testo che i siti visitati dall\u2019Utente inviano e registrano sul suo computer o dispositivo mobile, per essere poi ritrasmessi agli stessi siti alla successiva visita. Proprio grazie ai cookie un sito ricorda le azioni e le preferenze dell\u2019Utente (come, ad esempio, i dati di login, la lingua prescelta, le dimensioni dei caratteri, ecc.) in modo che tali parametri non debbano essere impostati ad ogni nuova visita. I cookie, quindi, sono usati per eseguire autenticazioni informatiche, monitoraggio di sessioni e memorizzazione di informazioni riguardanti le attivit\u00e0 degli utenti che accedono ad un sito e possono contenere anche un codice identificativo unico che consente di tenere traccia della navigazione dell\u2019Utente all\u2019interno del sito stesso per finalit\u00e0 statistiche o pubblicitarie.<\/h4>\n<h4 class=\"MsoNormal\" style=\"text-align: justify;\">Alcune operazioni o funzionalit\u00e0 del Sito Web non potrebbero essere compiute o garantite senza l\u2019uso dei cookie, che in certi casi sono quindi tecnicamente necessari per lo stesso funzionamento del Sito Web.<\/h4>\n<h4 class=\"MsoNormal\" style=\"text-align: justify;\">A seconda delle loro caratteristiche e funzioni, i cookie possono rimanere salvati nel computer dell\u2019Utente per periodi di tempo diversi: si hanno dunque c.d. cookie di sessione, che vengono automaticamente cancellati alla chiusura del browser e c.d. cookie persistenti, che permangono sull\u2019apparecchiatura dell\u2019Utente fino ad una scadenza prestabilita, ovvero fino alla eventuale cancellazione manuale.<\/h4>\n<h4 class=\"MsoNormal\" style=\"text-align: justify;\">In base alla normativa applicabile, per l\u2019utilizzo dei cookie non sempre \u00e8 richiesto un espresso consenso dell\u2019Utente. In particolare, solitamente non richiedono tale consenso i \u201ccookie tecnici\u201d, cio\u00e8 quelli utilizzati al solo fine di garantire il corretto funzionamento del Sito Web, ovvero ad erogare un servizio esplicitamente richiesto dall\u2019Utente.<\/h4>\n<h4 class=\"MsoNormal\" style=\"text-align: justify;\">Viceversa, per potere utilizzare cookie non strettamente necessari al corretto funzionamento del Sito Web, bens\u00ec funzionali alla raccolta di dati statistici, ovvero volti a creare profili relativi al visitatore, al fine di inviare messaggi pubblicitari in linea con le preferenze manifestate dallo stesso nell\u2019ambito della navigazione in rete, solitamente \u00e8 richiesto un preventivo consenso dell\u2019Utente, secondo la normativa applicabile.\u00a0<\/h4>\n<h4 class=\"MsoNormal\" style=\"text-align: justify;\">Tipologie di cookie<\/h4>\n<h4 class=\"MsoNormal\" style=\"text-align: justify;\">Di seguito si riportano per completezza le principali tipologie di cookie esistenti:<\/h4>\n<h4 class=\"MsoNormal\" style=\"text-align: justify;\">Cookie tecnici:\u00a0strettamente necessari per il funzionamento del Sito o per consentire all\u2019Utente di usufruire dei contenuti e dei servizi richiesti<\/h4>\n<h4 class=\"MsoNormal\" style=\"text-align: justify;\">Cookie analitici:\u00a0destinati a fornire al Titolare dati meramente statistici aventi ad oggetto le interazioni degli utenti con il Sito (ad esempio, il numero totale di visitatori, lo stato di provenienza dei visitatori, l\u2019affluenza per fascia oraria, etc.).<\/h4>\n<h4 class=\"MsoNormal\" style=\"text-align: justify;\">Cookie di funzionalit\u00e0:\u00a0utilizzati per attivare specifiche funzionalit\u00e0 del Sito e una serie di criteri selezionati (ad esempio, la lingua) al fine di migliorare il servizio reso;<\/h4>\n<h4 class=\"MsoNormal\" style=\"text-align: justify;\">Cookie di profilazione:\u00a0utilizzati per profilare l\u2019Utente in base al suo comportamento sul Sito. Vengono generalmente sfruttati al fine di inviare all\u2019Utente messaggi pubblicitari in linea con le preferenze manifestate nell\u2019ambito della navigazione in rete;<\/h4>\n<h4 class=\"MsoNormal\" style=\"text-align: justify;\">Cookie di social network:\u00a0consentono all\u2019Utente di condividere sui social network i contenuti del Sito, oppure di attivare le funzioni \u201cMi piace\u201d o \u201cSegui\u201d dei social network. Queste funzioni consentono ai Social Network di identificare i propri utenti e raccogliere informazioni anche mentre navigano su altri siti.<\/h4>\n<h4 class=\"MsoNormal\" style=\"text-align: justify;\">Fonte di provenienza dei cookie<\/h4>\n<h4 class=\"MsoNormal\" style=\"text-align: justify;\">I cookie possono poi essere distinti in base alla fonte di provenienza degli stessi. Avremo dunque:<\/h4>\n<h4 class=\"MsoNormal\" style=\"text-align: justify;\">Cookie di prima parte (o proprietari):\u00a0sono creati e utilizzati solo dal web server del Sito web e non sono trasferibili a terze parti. Questo tipo di cookie viene utilizzato generalmente per personalizzare l\u2019esperienza di navigazione, automaticamente riconoscendo un Utente che ha gi\u00e0 visitato il Sito Web, non risultando leggibili su un dominio differente da quello in cui sono stati creati.<\/h4>\n<h4 class=\"MsoNormal\" style=\"text-align: justify;\">Cookie di terze parti:\u00a0sono cookie creati da domini diversi da quello del Sito Web che l\u2019Utente sta visitando. I cookie di terza parte sono leggibili sia sul dominio su cui sono stati creati che su qualsiasi altro sito capace di leggere il codice del server che li ha prodotti. Le terze parti che impostano i cookie sul Sito web possono agire in qualit\u00e0 di autonomi Titolari del trattamento, nel perseguimento di finalit\u00e0 proprie, ovvero agire in veste di fornitori del proprietario del Sito Web, in qualit\u00e0 di Responsabili del trattamento.\u00a0<\/h4>\n<h4 class=\"MsoNormal\" style=\"text-align: justify;\"><a href=\"https:\/\/fondazioneyunus.it\/tabella-dei-cookie\/\">Tabella dei cookie<\/a><\/h4>\n<h4 class=\"MsoNormal\" style=\"text-align: justify;\">Riporta nel nel dettaglio i cookie inviati tramite questo Sito Web.\u00a0\u00a0<\/h4>\n<h4 class=\"MsoNormal\" style=\"text-align: justify;\">Impostazioni relative ai cookie<\/h4>\n<h4 class=\"MsoNormal\" style=\"text-align: justify;\">Selezione e de-selezione:\u00a0ad esclusione dei cookie strettamente necessari per il funzionamento del Sito Web e per l\u2019erogazione dei servizi richiesti, l\u2019Utente potr\u00e0 impedire l\u2019installazione dei cookie di terze parti sul Sito Web, bloccando uno o pi\u00f9 fornitori operanti sul Sito Web, attraverso lo strumento di selezione delle preferenze sui cookie (raggiungibile al seguente link)<\/h4>\n<h4 class=\"MsoNormal\" style=\"text-align: justify;\">Per quanto riguarda strumenti di tracciamento di terze parti operanti in qualit\u00e0 di autonomi Titolari del trattamento, gli utenti possono gestire le preferenze e revocare il consenso visitando il relativo link di opt-out (qualora disponibile), utilizzando gli strumenti descritti nella privacy policy della terza parte o contattandola direttamente.<\/h4>\n<h4 class=\"MsoNormal\" style=\"text-align: justify;\">Le scelte operate in riferimento ai cookie del Sito Web saranno a loro volta registrate in un apposito cookie. Tale cookie potrebbe, tuttavia, in alcune circostanze non funzionare correttamente: in tali casi, il Titolare suggerisce di cancellare i cookie non graditi e di inibirne l\u2019utilizzo anche attraverso le funzionalit\u00e0 dei tuoi browser.<\/h4>\n<h4 class=\"MsoNormal\" style=\"text-align: justify;\">Gestione dei cookie tramite browser:\u00a0\u00e8 inoltre possibile rimuovere i cookie esistenti e bloccare l\u2019installazione di nuovi cookie anche mediante le impostazioni del browser. Laddove l\u2019Utente volesse decidere di volta in volta se accettare o meno i cookie, potr\u00e0 configurare il proprio browser affinch\u00e9 generi un avviso ogni volta che viene salvato un cookie.<\/h4>\n<h4 class=\"MsoNormal\" style=\"text-align: justify;\">I browser pi\u00f9 diffusi prevedono la possibilit\u00e0 di bloccare esclusivamente i cookie di terze parti, accettando solo quelli propri del Sito.<\/h4>\n<h4 class=\"MsoNormal\" style=\"text-align: justify;\">Per avere maggiori informazioni su come impostare le preferenze sull\u2019uso dei cookie attraverso il browser, \u00e8 possibile consultare le relative istruzioni:\u00a0<\/h4>\n<h4 class=\"MsoNormal\" style=\"text-align: justify;\"><a href=\"https:\/\/support.microsoft.com\/it-it\/topic\/visualizzare-i-cookie-in-microsoft-edge-a7d95376-f2cd-8e4a-25dc-1de753474879#:~:text=Apri%20Microsoft%20Edge%2C%20quindi%20seleziona,cookie%20e%20i%20dati%20del%20sito.\">Microsoft Edge<\/a><\/h4>\n<h4 class=\"MsoNormal\" style=\"text-align: justify;\"><a href=\"https:\/\/support.mozilla.org\/it\/kb\/Attivare%20e%20disattivare%20i%20cookie\">Firefox<\/a><\/h4>\n<h4 class=\"MsoNormal\" style=\"text-align: justify;\"><a href=\"https:\/\/support.google.com\/chrome\/answer\/95647?hl=it&amp;topic=14666&amp;ctx=topic\">Chrome<\/a><\/h4>\n<h4 class=\"MsoNormal\" style=\"text-align: justify;\"><a href=\"https:\/\/support.apple.com\/it-it\/guide\/safari\/sfri11471\/mac\">Safari<\/a><\/h4>\n<h4 class=\"MsoNormal\" style=\"text-align: justify;\">\u00a0<\/h4>\n<h4 class=\"MsoNormal\" style=\"text-align: justify;\">Si ricorda, infine, che disabilitando o cancellando i cookie tecnici e\/o di funzionalit\u00e0 il Sito Web potrebbe risultare non consultabile o alcuni servizi o determinate funzioni del Sito Web potrebbero risultare non disponibili o non funzionare correttamente e potrebbe risultare necessario modificare o inserire manualmente alcune informazioni o preferenze ad ogni nuova visita.<\/h4>\n<h4 class=\"MsoNormal\" style=\"text-align: justify;\">\u00a06.\u00a0Contatti del Titolare del trattamento<\/h4>\n<h4 class=\"MsoNormal\" style=\"text-align: justify;\">\u00a0Per ulteriori dettagli sul Titolare del trattamento, l\u2019Utente pu\u00f2 consultare la\u00a0Privacy Policy.<\/h4>\n<p><\/p>\t\t\t\t\t\t\t\t<\/div>\n\t\t\t\t<\/div>\n\t\t\t\t\t<\/div>\n\t\t\t\t<\/div>\n\t\t\t\t<\/div>\n\t\t","protected":false},"excerpt":{"rendered":"<p>tile Utente, il presente documento descrive le tipologie, le finalit\u00e0 ed i tempi di persistenza dei cookie utilizzati e operanti sul Sito web usccastelbolognese.it (di seguito \u201cSito Web\u201d), oltre a consentire la selezione delle preferenze in merito al loro utilizzo.\u00a0 Definizione, caratteristiche e applicazione normativa I cookie sono piccoli file di testo che i siti visitati dall\u2019Utente inviano e registrano sul suo computer o dispositivo mobile, per essere poi ritrasmessi agli stessi siti alla successiva visita. Proprio grazie ai cookie un sito ricorda le azioni e le preferenze dell\u2019Utente (come, ad esempio, i dati di login, la lingua prescelta, le dimensioni dei caratteri, ecc.) in modo che tali parametri non debbano essere impostati ad ogni nuova visita. I cookie, quindi, sono usati per eseguire autenticazioni informatiche, monitoraggio di sessioni e memorizzazione di informazioni riguardanti le attivit\u00e0 degli utenti che accedono ad un sito e possono contenere anche un codice identificativo unico che consente di tenere traccia della navigazione dell\u2019Utente all\u2019interno del sito stesso per finalit\u00e0 statistiche o pubblicitarie. Alcune operazioni o funzionalit\u00e0 del Sito Web non potrebbero essere compiute o garantite senza l\u2019uso dei cookie, che in certi casi sono quindi tecnicamente necessari per lo stesso funzionamento del Sito Web. A seconda delle loro caratteristiche e funzioni, i cookie possono rimanere salvati nel computer dell\u2019Utente per periodi di tempo diversi: si hanno dunque c.d. cookie di sessione, che vengono automaticamente cancellati alla chiusura del browser e c.d. cookie persistenti, che permangono sull\u2019apparecchiatura dell\u2019Utente fino ad una scadenza prestabilita, ovvero fino alla eventuale cancellazione manuale. In base alla normativa applicabile, per l\u2019utilizzo dei cookie non sempre \u00e8 richiesto un espresso consenso dell\u2019Utente. In particolare, solitamente non richiedono tale consenso i \u201ccookie tecnici\u201d, cio\u00e8 quelli utilizzati al solo fine di garantire il corretto funzionamento del Sito Web, ovvero ad erogare un servizio esplicitamente richiesto dall\u2019Utente. Viceversa, per potere utilizzare cookie non strettamente necessari al corretto funzionamento del Sito Web, bens\u00ec funzionali alla raccolta di dati statistici, ovvero volti a creare profili relativi al visitatore, al fine di inviare messaggi pubblicitari in linea con le preferenze manifestate dallo stesso nell\u2019ambito della navigazione in rete, solitamente \u00e8 richiesto un preventivo consenso dell\u2019Utente, secondo la normativa applicabile.\u00a0 Tipologie di cookie Di seguito si riportano per completezza le principali tipologie di cookie esistenti: Cookie tecnici:\u00a0strettamente necessari per il funzionamento del Sito o per consentire all\u2019Utente di usufruire dei contenuti e dei servizi richiesti Cookie analitici:\u00a0destinati a fornire al Titolare dati meramente statistici aventi ad oggetto le interazioni degli utenti con il Sito (ad esempio, il numero totale di visitatori, lo stato di provenienza dei visitatori, l\u2019affluenza per fascia oraria, etc.). Cookie di funzionalit\u00e0:\u00a0utilizzati per attivare specifiche funzionalit\u00e0 del Sito e una serie di criteri selezionati (ad esempio, la lingua) al fine di migliorare il servizio reso; Cookie di profilazione:\u00a0utilizzati per profilare l\u2019Utente in base al suo comportamento sul Sito. Vengono generalmente sfruttati al fine di inviare all\u2019Utente messaggi pubblicitari in linea con le preferenze manifestate nell\u2019ambito della navigazione in rete; Cookie di social network:\u00a0consentono all\u2019Utente di condividere sui social network i contenuti del Sito, oppure di attivare le funzioni \u201cMi piace\u201d o \u201cSegui\u201d dei social network. Queste funzioni consentono ai Social Network di identificare i propri utenti e raccogliere informazioni anche mentre navigano su altri siti. Fonte di provenienza dei cookie I cookie possono poi essere distinti in base alla fonte di provenienza degli stessi. Avremo dunque: Cookie di prima parte (o proprietari):\u00a0sono creati e utilizzati solo dal web server del Sito web e non sono trasferibili a terze parti. Questo tipo di cookie viene utilizzato generalmente per personalizzare l\u2019esperienza di navigazione, automaticamente riconoscendo un Utente che ha gi\u00e0 visitato il Sito Web, non risultando leggibili su un dominio differente da quello in cui sono stati creati. Cookie di terze parti:\u00a0sono cookie creati da domini diversi da quello del Sito Web che l\u2019Utente sta visitando. I cookie di terza parte sono leggibili sia sul dominio su cui sono stati creati che su qualsiasi altro sito capace di leggere il codice del server che li ha prodotti. Le terze parti che impostano i cookie sul Sito web possono agire in qualit\u00e0 di autonomi Titolari del trattamento, nel perseguimento di finalit\u00e0 proprie, ovvero agire in veste di fornitori del proprietario del Sito Web, in qualit\u00e0 di Responsabili del trattamento.\u00a0 Tabella dei cookie Riporta nel nel dettaglio i cookie inviati tramite questo Sito Web.\u00a0\u00a0 Impostazioni relative ai cookie Selezione e de-selezione:\u00a0ad esclusione dei cookie strettamente necessari per il funzionamento del Sito Web e per l\u2019erogazione dei servizi richiesti, l\u2019Utente potr\u00e0 impedire l\u2019installazione dei cookie di terze parti sul Sito Web, bloccando uno o pi\u00f9 fornitori operanti sul Sito Web, attraverso lo strumento di selezione delle preferenze sui cookie (raggiungibile al seguente link) Per quanto riguarda strumenti di tracciamento di terze parti operanti in qualit\u00e0 di autonomi Titolari del trattamento, gli utenti possono gestire le preferenze e revocare il consenso visitando il relativo link di opt-out (qualora disponibile), utilizzando gli strumenti descritti nella privacy policy della terza parte o contattandola direttamente. Le scelte operate in riferimento ai cookie del Sito Web saranno a loro volta registrate in un apposito cookie. Tale cookie potrebbe, tuttavia, in alcune circostanze non funzionare correttamente: in tali casi, il Titolare suggerisce di cancellare i cookie non graditi e di inibirne l\u2019utilizzo anche attraverso le funzionalit\u00e0 dei tuoi browser. Gestione dei cookie tramite browser:\u00a0\u00e8 inoltre possibile rimuovere i cookie esistenti e bloccare l\u2019installazione di nuovi cookie anche mediante le impostazioni del browser. Laddove l\u2019Utente volesse decidere di volta in volta se accettare o meno i cookie, potr\u00e0 configurare il proprio browser affinch\u00e9 generi un avviso ogni volta che viene salvato un cookie. I browser pi\u00f9 diffusi prevedono la possibilit\u00e0 di bloccare esclusivamente i cookie di terze parti, accettando solo quelli propri del Sito. Per avere maggiori informazioni su come impostare le preferenze sull\u2019uso dei cookie attraverso il browser, \u00e8 possibile consultare le relative istruzioni:\u00a0 Microsoft Edge Firefox Chrome Safari \u00a0 Si ricorda, infine, che disabilitando o cancellando i cookie tecnici e\/o di funzionalit\u00e0 il Sito &hellip; <\/p>\n<p class=\"link-more\"><a href=\"https:\/\/www.usccastelbolognese.it\/?page_id=3\" class=\"more-link\">Leggi tutto<span class=\"screen-reader-text\"> &#8220;Cookie Policy&#8221;<\/span><\/a><\/p>\n","protected":false},"author":1,"featured_media":0,"parent":0,"menu_order":0,"comment_status":"closed","ping_status":"closed","template":"","meta":{"ngg_post_thumbnail":0,"footnotes":""},"class_list":["post-3","page","type-page","status-publish","hentry"],"_links":{"self":[{"href":"https:\/\/www.usccastelbolognese.it\/index.php?rest_route=\/wp\/v2\/pages\/3","targetHints":{"allow":["GET"]}}],"collection":[{"href":"https:\/\/www.usccastelbolognese.it\/index.php?rest_route=\/wp\/v2\/pages"}],"about":[{"href":"https:\/\/www.usccastelbolognese.it\/index.php?rest_route=\/wp\/v2\/types\/page"}],"author":[{"embeddable":true,"href":"https:\/\/www.usccastelbolognese.it\/index.php?rest_route=\/wp\/v2\/users\/1"}],"replies":[{"embeddable":true,"href":"https:\/\/www.usccastelbolognese.it\/index.php?rest_route=%2Fwp%2Fv2%2Fcomments&post=3"}],"version-history":[{"count":4,"href":"https:\/\/www.usccastelbolognese.it\/index.php?rest_route=\/wp\/v2\/pages\/3\/revisions"}],"predecessor-version":[{"id":7172,"href":"https:\/\/www.usccastelbolognese.it\/index.php?rest_route=\/wp\/v2\/pages\/3\/revisions\/7172"}],"wp:attachment":[{"href":"https:\/\/www.usccastelbolognese.it\/index.php?rest_route=%2Fwp%2Fv2%2Fmedia&parent=3"}],"curies":[{"name":"wp","href":"https:\/\/api.w.org\/{rel}","templated":true}]}}